{"id":821,"date":"2018-06-29T16:36:02","date_gmt":"2018-06-29T14:36:02","guid":{"rendered":"https:\/\/www.effervescence-lab.com\/expertise\/"},"modified":"2018-11-08T16:41:14","modified_gmt":"2018-11-08T15:41:14","slug":"expertise","status":"publish","type":"page","link":"https:\/\/www.effervescence-lab.com\/en\/expertise\/","title":{"rendered":"Services"},"content":{"rendered":"<p>[et_pb_section bb_built=&#8221;1&#8243; specialty=&#8221;off&#8221; _builder_version=&#8221;3.9&#8243; use_background_color_gradient=&#8221;on&#8221; background_color_gradient_direction=&#8221;90deg&#8221; next_background_color=&#8221;#f8f7f6&#8243; background_color_gradient_start=&#8221;#000000&#8243; background_color_gradient_end=&#8221;#e0e0e0&#8243; background_color_gradient_start_position=&#8221;50%&#8221; background_color_gradient_end_position=&#8221;50%&#8221;][et_pb_row _builder_version=&#8221;3.9&#8243; custom_margin=&#8221;0px||0px|&#8221; custom_padding=&#8221;0px||0px|&#8221; padding_top_1=&#8221;0px&#8221; padding_bottom_1=&#8221;0px&#8221; custom_width_px=&#8221;1200px&#8221; background_color=&#8221;#b8b1aa&#8221; use_custom_width=&#8221;on&#8221; background_position=&#8221;top_left&#8221; background_repeat=&#8221;repeat&#8221; background_size=&#8221;initial&#8221; module_class=&#8221;mobileColSlide&#8221;][et_pb_column type=&#8221;4_4&#8243;][et_pb_slider _builder_version=&#8221;3.9&#8243; module_class=&#8221;sliderHome&#8221; show_arrows=&#8221;off&#8221; show_pagination=&#8221;off&#8221; custom_margin=&#8221;0px||0px|&#8221; custom_padding=&#8221;0px|0px|0px|0px&#8221;][et_pb_slide _builder_version=&#8221;3.9&#8243; button_link=&#8221;#&#8221; background_color=&#8221;#b7b7b7&#8243; use_background_color_gradient=&#8221;off&#8221; background_color_gradient_start=&#8221;#2b87da&#8221; background_color_gradient_end=&#8221;#29c4a9&#8243; background_color_gradient_type=&#8221;linear&#8221; background_color_gradient_direction=&#8221;180deg&#8221; background_color_gradient_direction_radial=&#8221;center&#8221; background_color_gradient_start_position=&#8221;0%&#8221; background_color_gradient_end_position=&#8221;100%&#8221; background_color_gradient_overlays_image=&#8221;off&#8221; parallax=&#8221;off&#8221; parallax_method=&#8221;on&#8221; background_size=&#8221;cover&#8221; background_position=&#8221;top_left&#8221; background_repeat=&#8221;no-repeat&#8221; background_blend=&#8221;normal&#8221; allow_player_pause=&#8221;off&#8221; background_video_pause_outside_viewport=&#8221;on&#8221; use_bg_overlay=&#8221;off&#8221; use_text_overlay=&#8221;off&#8221; text_border_radius=&#8221;3&#8243; alignment=&#8221;center&#8221; child_filter_hue_rotate=&#8221;0deg&#8221; child_filter_saturate=&#8221;100%&#8221; child_filter_brightness=&#8221;100%&#8221; child_filter_contrast=&#8221;100%&#8221; child_filter_invert=&#8221;0%&#8221; child_filter_sepia=&#8221;0%&#8221; child_filter_opacity=&#8221;100%&#8221; child_filter_blur=&#8221;0px&#8221; child_mix_blend_mode=&#8221;normal&#8221; background_layout=&#8221;dark&#8221; text_shadow_style=&#8221;none&#8221; header_text_shadow_style=&#8221;none&#8221; body_text_shadow_style=&#8221;none&#8221; custom_button=&#8221;off&#8221; button_bg_use_color_gradient=&#8221;off&#8221; button_bg_color_gradient_overlays_image=&#8221;off&#8221; button_use_icon=&#8221;on&#8221; button_on_hover=&#8221;on&#8221; button_text_shadow_style=&#8221;none&#8221; box_shadow_style_button=&#8221;none&#8221; text_shadow_horizontal_length=&#8221;0em&#8221; text_shadow_vertical_length=&#8221;0em&#8221; text_shadow_blur_strength=&#8221;0em&#8221; header_text_shadow_horizontal_length=&#8221;0em&#8221; header_text_shadow_vertical_length=&#8221;0em&#8221; header_text_shadow_blur_strength=&#8221;0em&#8221; body_text_shadow_horizontal_length=&#8221;0em&#8221; body_text_shadow_vertical_length=&#8221;0em&#8221; body_text_shadow_blur_strength=&#8221;0em&#8221; button_text_shadow_horizontal_length=&#8221;0em&#8221; button_text_shadow_vertical_length=&#8221;0em&#8221; button_text_shadow_blur_strength=&#8221;0em&#8221; background_image=&#8221;https:\/\/www.effervescence-lab.com\/wp-content\/uploads\/2018\/07\/expertiseSlider.jpg&#8221; \/][\/et_pb_slider][\/et_pb_column][\/et_pb_row][et_pb_row _builder_version=&#8221;3.9&#8243; custom_width_px=&#8221;1015px&#8221; make_fullwidth=&#8221;on&#8221;][et_pb_column type=&#8221;4_4&#8243;][et_pb_text _builder_version=&#8221;3.9&#8243; background_color=&#8221;#edd6c2&#8243; header_font=&#8221;|300||on|||||&#8221; header_text_color=&#8221;#000000&#8243; header_font_size=&#8221;30px&#8221; custom_margin=&#8221;0px||0px|&#8221; custom_padding=&#8221;15px||5px|&#8221; saved_tabs=&#8221;all&#8221;]<\/p>\n<h1 style=\"text-align: center;\">DEVELOPING UNIQUE CREATIONS<\/h1>\n<p>[\/et_pb_text][\/et_pb_column][\/et_pb_row][\/et_pb_section][et_pb_section bb_built=&#8221;1&#8243; specialty=&#8221;off&#8221; next_background_color=&#8221;#000000&#8243; _builder_version=&#8221;3.9&#8243; background_color=&#8221;#f8f7f6&#8243; prev_background_color=&#8221;#ffffff&#8221;][et_pb_row _builder_version=&#8221;3.9&#8243; background_color=&#8221;#f8f7f6&#8243; custom_margin=&#8221;30px|||&#8221; module_class=&#8221;mobileColTexte&#8221;][et_pb_column type=&#8221;4_4&#8243;][et_pb_text _builder_version=&#8221;3.9&#8243; background_color=&#8221;#f8f7f6&#8243; text_font_size_phone=&#8221;14px&#8221; text_font_size_last_edited=&#8221;on|phone&#8221; custom_padding_phone=&#8221;|10px||10px&#8221; custom_padding_last_edited=&#8221;on|phone&#8221;]<\/p>\n<p>Because differentiation is the key to success for your brand, EFFERVESCENCE LAB partners with you to develop unprecedented, unique, singular creations, by integrating your brand concept DNA.<\/p>\n<p>[\/et_pb_text][\/et_pb_column][\/et_pb_row][\/et_pb_section][et_pb_section bb_built=&#8221;1&#8243; _builder_version=&#8221;3.9&#8243; custom_margin=&#8221;0px|||&#8221; custom_padding=&#8221;0px|||&#8221; background_color_gradient_start=&#8221;#f8f7f6&#8243; background_color_gradient_end=&#8221;#fefefe&#8221; background_color_gradient_direction=&#8221;89deg&#8221; background_color_gradient_start_position=&#8221;50%&#8221; background_color_gradient_end_position=&#8221;50%&#8221; prev_background_color=&#8221;#000000&#8243; background_color=&#8221;#f8f7f6&#8243;][et_pb_row _builder_version=&#8221;3.9&#8243; background_color=&#8221;#ffffff&#8221; custom_padding=&#8221;25px|25px|25px|25px&#8221; border_radii=&#8221;|10px|10px|0px|0px&#8221; padding_right_1=&#8221;0px&#8221; padding_left_2=&#8221;30px&#8221; custom_margin=&#8221;35px|||&#8221; module_class=&#8221;mobileColTexte&#8221; custom_padding_phone=&#8221;20px|20px|20px|20px&#8221; custom_padding_last_edited=&#8221;on|phone&#8221; padding_1_phone=&#8221;|10px||&#8221; padding_1_last_edited=&#8221;on|phone&#8221; padding_2_phone=&#8221;|||0px&#8221; padding_2_last_edited=&#8221;on|phone&#8221;][et_pb_column type=&#8221;1_2&#8243;][et_pb_text _builder_version=&#8221;3.9&#8243; module_class=&#8221;expertiseText&#8221; header_2_font=&#8221;|||on|||||&#8221; header_2_text_color=&#8221;#b8b1aa&#8221; header_2_font_size=&#8221;25px&#8221; header_2_letter_spacing=&#8221;1&#8243; header_3_font=&#8221;|||on|||||&#8221; header_3_text_color=&#8221;#b8b1aa&#8221; header_3_font_size=&#8221;16px&#8221; text_font_size=&#8221;13px&#8221;]<\/p>\n<h2 style=\"text-align: center;\">OUR CORE BUSINESS<\/h2>\n<hr>\n<h3 style=\"text-align: center;\">CREATIVITY &#8211; INNOVATION &#8211; IMAGINATION<\/h3>\n<p>Getting out of the frame, expanding the scope of possibilities, letting our enthusiasm run free, these are the sources of the company&#8217;s creativity, which is committed to working exclusively on bespoke formulation.<\/p>\n<p>Our emotion, intuition, global vision as well as our independence ensure creative eclecticism and inspiration.<\/p>\n<p>Shaping, reviewing, adjusting to reach your expected level of perfection.<\/p>\n<h3 style=\"text-align: center;\">THOROUGHNESS \u2013 TRANSPARENCY &#8211; CONFIDENTIALITY<\/h3>\n<p>These three values, representing the central pillar of our philosophy, are an integral part of each development phase. <\/p>\n<h3 style=\"text-align: center;\">COMMITMENT \u2013 PARTNERSHIP \u2013 EFFECTIVENESS<\/h3>\n<p>EFFERVESCENCE LAB is fully committed to building a close and sustainable relationship with you since we have the same goal: turning your projects into a success story.<\/p>\n<p>[\/et_pb_text][\/et_pb_column][et_pb_column type=&#8221;1_2&#8243;][et_pb_image _builder_version=&#8221;3.9&#8243; src=&#8221;https:\/\/www.effervescence-lab.com\/wp-content\/uploads\/2018\/07\/expertise01.jpg&#8221; align=&#8221;right&#8221; disabled=&#8221;off&#8221; disabled_on=&#8221;on|on|&#8221; \/][\/et_pb_column][\/et_pb_row][et_pb_row _builder_version=&#8221;3.9&#8243; background_color=&#8221;#ffffff&#8221; module_class=&#8221;mobileColTexte&#8221;][et_pb_column type=&#8221;4_4&#8243;][et_pb_image _builder_version=&#8221;3.9&#8243; src=&#8221;https:\/\/www.effervescence-lab.com\/wp-content\/uploads\/2018\/07\/expertise_mobile-1.jpg&#8221; align=&#8221;right&#8221; disabled=&#8221;off&#8221; disabled_on=&#8221;off|off|on&#8221; custom_padding=&#8221;|25px||25px&#8221; custom_padding_phone=&#8221;|20px||20px&#8221; custom_padding_last_edited=&#8221;on|phone&#8221; \/][\/et_pb_column][\/et_pb_row][et_pb_row _builder_version=&#8221;3.9&#8243; custom_margin=&#8221;||50px|&#8221; background_color=&#8221;#ffffff&#8221; custom_padding=&#8221;50px|25px|25px|25px&#8221; border_radii=&#8221;on|10px|10px|10px|10px&#8221; padding_right_2=&#8221;10px&#8221; module_class=&#8221;mobileColTexte&#8221; custom_margin_phone=&#8221;||20px|&#8221; custom_margin_last_edited=&#8221;on|phone&#8221; custom_padding_phone=&#8221;30px|20px|20px|20px&#8221; custom_padding_last_edited=&#8221;on|phone&#8221;][et_pb_column type=&#8221;1_2&#8243;][et_pb_image _builder_version=&#8221;3.9&#8243; src=&#8221;https:\/\/www.effervescence-lab.com\/wp-content\/uploads\/2018\/07\/expertise02.jpg&#8221; disabled=&#8221;off&#8221; disabled_on=&#8221;on|on|&#8221; \/][\/et_pb_column][et_pb_column type=&#8221;1_2&#8243;][et_pb_text _builder_version=&#8221;3.9&#8243; module_class=&#8221;expertiseText&#8221; header_2_font=&#8221;|||on|||||&#8221; header_2_text_color=&#8221;#b8b1aa&#8221; header_2_font_size=&#8221;25px&#8221; header_2_letter_spacing=&#8221;1&#8243; header_3_font=&#8221;|||on|||||&#8221; header_3_text_color=&#8221;#b8b1aa&#8221; header_3_font_size=&#8221;16px&#8221; text_font_size=&#8221;13px&#8221; ul_font_size=&#8221;13px&#8221; ul_type=&#8221;none&#8221;]<\/p>\n<h2 style=\"text-align: center;\">OUR KNOW-HOW<\/h2>\n<hr>\n<p>Our extensive knowledge and methodologies allow us to have a thorough understanding of all phases of your cosmetic project, from design to launch. We can perform the following phases:<\/p>\n<ul>\n<li>Strategy and definition of product range structure<\/li>\n<li>Creation of new marketing concept<\/li>\n<li>Packaging expertise<\/li>\n<li>Formulation<\/li>\n<li>Stability study<\/li>\n<li>Determination of the PAO and expiry date<\/li>\n<li>Monitoring of the transfer to industrial production<\/li>\n<li>Formula\/packaging compatibility study<\/li>\n<li>Challenge test<\/li>\n<li>Tolerance<\/li>\n<li>Cosmetic product information file<\/li>\n<li>Formula cost optimization<\/li>\n<li>Marketing support<\/li>\n<li>Tracking of production batch N\u00b0<\/li>\n<\/ul>\n<p>EFFERVESCENCE LAB can also coordinate the production phase relying on partners that meet our audit criteria in terms of equipment, human resources, methods and share our values and ethics.<\/p>\n<p>[\/et_pb_text][\/et_pb_column][\/et_pb_row][\/et_pb_section]<\/p>\n","protected":false},"excerpt":{"rendered":"<p>DEVELOPING UNIQUE CREATIONS Because differentiation is the key to success for your brand, EFFERVESCENCE LAB partners with you to develop unprecedented, unique, singular creations, by integrating your brand concept DNA. OUR CORE BUSINESS CREATIVITY &#8211; INNOVATION &#8211; IMAGINATION Getting out of the frame, expanding the scope of possibilities, letting our enthusiasm run free, these are [&hellip;]<\/p>\n","protected":false},"author":1,"featured_media":0,"parent":0,"menu_order":0,"comment_status":"closed","ping_status":"closed","template":"","meta":{"_et_pb_use_builder":"on","_et_pb_old_content":"","_et_gb_content_width":"","footnotes":""},"class_list":["post-821","page","type-page","status-publish","hentry"],"yoast_head":"<!-- This site is optimized with the Yoast SEO plugin v27.5 - https:\/\/yoast.com\/product\/yoast-seo-wordpress\/ -->\n<title>Services &#8226; Effervescence LAB<\/title>\n<meta name=\"description\" content=\"Effervescence LAB est un laboratoire ind\u00e9pendant de formulation cosm\u00e9tique sur mesure d\u00e9di\u00e9 aux marques du s\u00e9lectif, de la parfumerie, des instituts et spas.\" \/>\n<meta name=\"robots\" content=\"index, follow, max-snippet:-1, max-image-preview:large, max-video-preview:-1\" \/>\n<link rel=\"canonical\" href=\"https:\/\/www.effervescence-lab.com\/en\/expertise\/\" \/>\n<meta property=\"og:locale\" content=\"en_US\" \/>\n<meta property=\"og:type\" content=\"article\" \/>\n<meta property=\"og:title\" content=\"Services &#8226; Effervescence LAB\" \/>\n<meta property=\"og:description\" content=\"Effervescence LAB est un laboratoire ind\u00e9pendant de formulation cosm\u00e9tique sur mesure d\u00e9di\u00e9 aux marques du s\u00e9lectif, de la parfumerie, des instituts et spas.\" \/>\n<meta property=\"og:url\" content=\"https:\/\/www.effervescence-lab.com\/en\/expertise\/\" \/>\n<meta property=\"og:site_name\" content=\"Effervescence LAB\" \/>\n<meta property=\"article:modified_time\" content=\"2018-11-08T15:41:14+00:00\" \/>\n<meta name=\"twitter:card\" content=\"summary_large_image\" \/>\n<meta name=\"twitter:label1\" content=\"Est. reading time\" \/>\n\t<meta name=\"twitter:data1\" content=\"6 minutes\" \/>\n<script type=\"application\/ld+json\" class=\"yoast-schema-graph\">{\"@context\":\"https:\\\/\\\/schema.org\",\"@graph\":[{\"@type\":\"WebPage\",\"@id\":\"https:\\\/\\\/www.effervescence-lab.com\\\/en\\\/expertise\\\/\",\"url\":\"https:\\\/\\\/www.effervescence-lab.com\\\/en\\\/expertise\\\/\",\"name\":\"Services &#8226; Effervescence LAB\",\"isPartOf\":{\"@id\":\"https:\\\/\\\/www.effervescence-lab.com\\\/#website\"},\"datePublished\":\"2018-06-29T14:36:02+00:00\",\"dateModified\":\"2018-11-08T15:41:14+00:00\",\"description\":\"Effervescence LAB est un laboratoire ind\u00e9pendant de formulation cosm\u00e9tique sur mesure d\u00e9di\u00e9 aux marques du s\u00e9lectif, de la parfumerie, des instituts et spas.\",\"breadcrumb\":{\"@id\":\"https:\\\/\\\/www.effervescence-lab.com\\\/en\\\/expertise\\\/#breadcrumb\"},\"inLanguage\":\"en-US\",\"potentialAction\":[{\"@type\":\"ReadAction\",\"target\":[\"https:\\\/\\\/www.effervescence-lab.com\\\/en\\\/expertise\\\/\"]}]},{\"@type\":\"BreadcrumbList\",\"@id\":\"https:\\\/\\\/www.effervescence-lab.com\\\/en\\\/expertise\\\/#breadcrumb\",\"itemListElement\":[{\"@type\":\"ListItem\",\"position\":1,\"name\":\"Accueil\",\"item\":\"https:\\\/\\\/www.effervescence-lab.com\\\/en\\\/\"},{\"@type\":\"ListItem\",\"position\":2,\"name\":\"Services\"}]},{\"@type\":\"WebSite\",\"@id\":\"https:\\\/\\\/www.effervescence-lab.com\\\/#website\",\"url\":\"https:\\\/\\\/www.effervescence-lab.com\\\/\",\"name\":\"Effervescence LAB\",\"description\":\"Laboratoire de formulation cosm\u00e9tique\",\"publisher\":{\"@id\":\"https:\\\/\\\/www.effervescence-lab.com\\\/#organization\"},\"potentialAction\":[{\"@type\":\"SearchAction\",\"target\":{\"@type\":\"EntryPoint\",\"urlTemplate\":\"https:\\\/\\\/www.effervescence-lab.com\\\/?s={search_term_string}\"},\"query-input\":{\"@type\":\"PropertyValueSpecification\",\"valueRequired\":true,\"valueName\":\"search_term_string\"}}],\"inLanguage\":\"en-US\"},{\"@type\":\"Organization\",\"@id\":\"https:\\\/\\\/www.effervescence-lab.com\\\/#organization\",\"name\":\"Effervescence LAB\",\"url\":\"https:\\\/\\\/www.effervescence-lab.com\\\/\",\"logo\":{\"@type\":\"ImageObject\",\"inLanguage\":\"en-US\",\"@id\":\"https:\\\/\\\/www.effervescence-lab.com\\\/#\\\/schema\\\/logo\\\/image\\\/\",\"url\":\"https:\\\/\\\/www.effervescence-lab.com\\\/wp-content\\\/uploads\\\/2018\\\/07\\\/effervescence-LAB-footer.png\",\"contentUrl\":\"https:\\\/\\\/www.effervescence-lab.com\\\/wp-content\\\/uploads\\\/2018\\\/07\\\/effervescence-LAB-footer.png\",\"width\":178,\"height\":30,\"caption\":\"Effervescence LAB\"},\"image\":{\"@id\":\"https:\\\/\\\/www.effervescence-lab.com\\\/#\\\/schema\\\/logo\\\/image\\\/\"}}]}<\/script>\n<!-- \/ Yoast SEO plugin. -->","yoast_head_json":{"title":"Services &#8226; Effervescence LAB","description":"Effervescence LAB est un laboratoire ind\u00e9pendant de formulation cosm\u00e9tique sur mesure d\u00e9di\u00e9 aux marques du s\u00e9lectif, de la parfumerie, des instituts et spas.","robots":{"index":"index","follow":"follow","max-snippet":"max-snippet:-1","max-image-preview":"max-image-preview:large","max-video-preview":"max-video-preview:-1"},"canonical":"https:\/\/www.effervescence-lab.com\/en\/expertise\/","og_locale":"en_US","og_type":"article","og_title":"Services &#8226; Effervescence LAB","og_description":"Effervescence LAB est un laboratoire ind\u00e9pendant de formulation cosm\u00e9tique sur mesure d\u00e9di\u00e9 aux marques du s\u00e9lectif, de la parfumerie, des instituts et spas.","og_url":"https:\/\/www.effervescence-lab.com\/en\/expertise\/","og_site_name":"Effervescence LAB","article_modified_time":"2018-11-08T15:41:14+00:00","twitter_card":"summary_large_image","twitter_misc":{"Est. reading time":"6 minutes"},"schema":{"@context":"https:\/\/schema.org","@graph":[{"@type":"WebPage","@id":"https:\/\/www.effervescence-lab.com\/en\/expertise\/","url":"https:\/\/www.effervescence-lab.com\/en\/expertise\/","name":"Services &#8226; Effervescence LAB","isPartOf":{"@id":"https:\/\/www.effervescence-lab.com\/#website"},"datePublished":"2018-06-29T14:36:02+00:00","dateModified":"2018-11-08T15:41:14+00:00","description":"Effervescence LAB est un laboratoire ind\u00e9pendant de formulation cosm\u00e9tique sur mesure d\u00e9di\u00e9 aux marques du s\u00e9lectif, de la parfumerie, des instituts et spas.","breadcrumb":{"@id":"https:\/\/www.effervescence-lab.com\/en\/expertise\/#breadcrumb"},"inLanguage":"en-US","potentialAction":[{"@type":"ReadAction","target":["https:\/\/www.effervescence-lab.com\/en\/expertise\/"]}]},{"@type":"BreadcrumbList","@id":"https:\/\/www.effervescence-lab.com\/en\/expertise\/#breadcrumb","itemListElement":[{"@type":"ListItem","position":1,"name":"Accueil","item":"https:\/\/www.effervescence-lab.com\/en\/"},{"@type":"ListItem","position":2,"name":"Services"}]},{"@type":"WebSite","@id":"https:\/\/www.effervescence-lab.com\/#website","url":"https:\/\/www.effervescence-lab.com\/","name":"Effervescence LAB","description":"Laboratoire de formulation cosm\u00e9tique","publisher":{"@id":"https:\/\/www.effervescence-lab.com\/#organization"},"potentialAction":[{"@type":"SearchAction","target":{"@type":"EntryPoint","urlTemplate":"https:\/\/www.effervescence-lab.com\/?s={search_term_string}"},"query-input":{"@type":"PropertyValueSpecification","valueRequired":true,"valueName":"search_term_string"}}],"inLanguage":"en-US"},{"@type":"Organization","@id":"https:\/\/www.effervescence-lab.com\/#organization","name":"Effervescence LAB","url":"https:\/\/www.effervescence-lab.com\/","logo":{"@type":"ImageObject","inLanguage":"en-US","@id":"https:\/\/www.effervescence-lab.com\/#\/schema\/logo\/image\/","url":"https:\/\/www.effervescence-lab.com\/wp-content\/uploads\/2018\/07\/effervescence-LAB-footer.png","contentUrl":"https:\/\/www.effervescence-lab.com\/wp-content\/uploads\/2018\/07\/effervescence-LAB-footer.png","width":178,"height":30,"caption":"Effervescence LAB"},"image":{"@id":"https:\/\/www.effervescence-lab.com\/#\/schema\/logo\/image\/"}}]}},"_links":{"self":[{"href":"https:\/\/www.effervescence-lab.com\/en\/wp-json\/wp\/v2\/pages\/821","targetHints":{"allow":["GET"]}}],"collection":[{"href":"https:\/\/www.effervescence-lab.com\/en\/wp-json\/wp\/v2\/pages"}],"about":[{"href":"https:\/\/www.effervescence-lab.com\/en\/wp-json\/wp\/v2\/types\/page"}],"author":[{"embeddable":true,"href":"https:\/\/www.effervescence-lab.com\/en\/wp-json\/wp\/v2\/users\/1"}],"replies":[{"embeddable":true,"href":"https:\/\/www.effervescence-lab.com\/en\/wp-json\/wp\/v2\/comments?post=821"}],"version-history":[{"count":5,"href":"https:\/\/www.effervescence-lab.com\/en\/wp-json\/wp\/v2\/pages\/821\/revisions"}],"predecessor-version":[{"id":860,"href":"https:\/\/www.effervescence-lab.com\/en\/wp-json\/wp\/v2\/pages\/821\/revisions\/860"}],"wp:attachment":[{"href":"https:\/\/www.effervescence-lab.com\/en\/wp-json\/wp\/v2\/media?parent=821"}],"curies":[{"name":"wp","href":"https:\/\/api.w.org\/{rel}","templated":true}]}}